{"id":2111,"date":"2024-09-03T10:01:04","date_gmt":"2024-09-03T10:01:04","guid":{"rendered":"http:\/\/arthurbus.com\/privacy-policy\/"},"modified":"2025-04-29T09:50:29","modified_gmt":"2025-04-29T09:50:29","slug":"privacy-policy","status":"publish","type":"page","link":"https:\/\/arthurbus.com\/de\/privacy-policy\/","title":{"rendered":"Privacy Policy"},"content":{"rendered":"\t\t<div data-elementor-type=\"wp-page\" data-elementor-id=\"2111\" class=\"elementor elementor-2111 elementor-3\" data-elementor-post-type=\"page\">\n\t\t\t\t<div class=\"elementor-element elementor-element-68824af2 e-flex e-con-boxed e-con e-parent\" data-id=\"68824af2\" data-element_type=\"container\" data-settings=\"{&quot;profecient_background_motion_effects_toggle&quot;:0,&quot;profecient_parallax_effects_toggle&quot;:0,&quot;profecient_mouse_effects_toggle&quot;:0}\">\n\t\t\t\t\t<div class=\"e-con-inner\">\n\t\t\t\t<div class=\"elementor-element elementor-element-3732e19e elementor-widget elementor-widget-text-editor\" data-id=\"3732e19e\" data-element_type=\"widget\" data-settings=\"{&quot;profecient_parallax_effects_toggle&quot;:0,&quot;profecient_mouse_effects_toggle&quot;:0}\" data-widget_type=\"text-editor.default\">\n\t\t\t\t<div class=\"elementor-widget-container\">\n\t\t\t\t\t\t\t\t\t<h1>Datenschutzerkl\u00e4rung<\/h1><p>Stand: Februar 2024<\/p><p class=\"\" data-start=\"51\" data-end=\"458\">Der Betreiber dieser Website nimmt den Schutz Ihrer pers\u00f6nlichen Daten sehr ernst. Wir verarbeiten personenbezogene Daten unserer Nutzer nur, soweit dies zur Bereitstellung einer funktionsf\u00e4higen Website sowie unserer Inhalte und Leistungen erforderlich ist. Ihre personenbezogenen Daten behandeln wir vertraulich und entsprechend der gesetzlichen Datenschutzvorschriften sowie dieser Datenschutzerkl\u00e4rung.<\/p><p class=\"\" data-start=\"460\" data-end=\"995\">Durch die Nutzung dieser Website werden verschiedene personenbezogene Daten erhoben. Personenbezogene Daten sind Daten, mit denen Sie pers\u00f6nlich identifiziert werden k\u00f6nnen. Diese Datenschutzerkl\u00e4rung erl\u00e4utert, welche Daten wir erheben, wie wir sie verwenden, zu welchem Zweck dies geschieht und wie wir sie sch\u00fctzen. Wir weisen darauf hin, dass die Daten\u00fcbertragung im Internet (z.\u202fB. bei der Kommunikation per E-Mail) Sicherheitsl\u00fccken aufweisen kann. Ein l\u00fcckenloser Schutz der Daten vor dem Zugriff durch Dritte ist nicht m\u00f6glich.<\/p><h4 data-start=\"1002\" data-end=\"1031\"><strong>1. Verantwortliche Stelle<\/strong><\/h4><p class=\"\" data-start=\"1033\" data-end=\"1164\"><strong data-start=\"1033\" data-end=\"1052\">ARTHUR BUS GmbH<\/strong><br data-start=\"1052\" data-end=\"1055\" \/>Moosacher Str. 82a<br data-start=\"1073\" data-end=\"1076\" \/>80809 M\u00fcnchen<br data-start=\"1089\" data-end=\"1092\" \/>Deutschland<br data-start=\"1103\" data-end=\"1106\" \/>Telefon: +49 (0)89 200 686 97<br data-start=\"1135\" data-end=\"1138\" \/>E-Mail: <a class=\"cursor-pointer\" rel=\"noopener\" data-start=\"1146\" data-end=\"1164\">info@arthurbus.com<\/a><\/p><h4 data-start=\"1171\" data-end=\"1216\"><strong>2. \u00c4nderungen dieser Datenschutzerkl\u00e4rung<\/strong><\/h4><p class=\"\" data-start=\"1218\" data-end=\"1498\">Wir behalten uns das Recht vor, diese Datenschutzerkl\u00e4rung jederzeit mit Wirkung f\u00fcr die Zukunft zu \u00e4ndern. Eine aktuelle Version wird auf der Website bereitgestellt. Bitte besuchen Sie regelm\u00e4\u00dfig unsere Website und informieren Sie sich \u00fcber die geltenden Datenschutzbestimmungen.<\/p><h4 data-start=\"1505\" data-end=\"1544\"><strong>3. Erhebung personenbezogener Daten<\/strong><\/h4><p class=\"\" data-start=\"1546\" data-end=\"1687\">Im Folgenden informieren wir Sie allgemein \u00fcber die Verarbeitung personenbezogener Daten bei Besuch dieser Website. Dazu z\u00e4hlen insbesondere:<\/p><ul data-start=\"1689\" data-end=\"2044\"><li class=\"\" data-start=\"1689\" data-end=\"1703\"><p class=\"\" data-start=\"1691\" data-end=\"1703\">IP-Adresse<\/p><\/li><li class=\"\" data-start=\"1704\" data-end=\"1737\"><p class=\"\" data-start=\"1706\" data-end=\"1737\">Datum und Uhrzeit der Anfrage<\/p><\/li><li class=\"\" data-start=\"1738\" data-end=\"1790\"><p class=\"\" data-start=\"1740\" data-end=\"1790\">Zeitzonendifferenz zur Greenwich Mean Time (GMT)<\/p><\/li><li class=\"\" data-start=\"1791\" data-end=\"1834\"><p class=\"\" data-start=\"1793\" data-end=\"1834\">Inhalt der Anforderung (konkrete Seite)<\/p><\/li><li class=\"\" data-start=\"1835\" data-end=\"1869\"><p class=\"\" data-start=\"1837\" data-end=\"1869\">Zugriffsstatus\/HTTP-Statuscode<\/p><\/li><li class=\"\" data-start=\"1870\" data-end=\"1904\"><p class=\"\" data-start=\"1872\" data-end=\"1904\">jeweils \u00fcbertragene Datenmenge<\/p><\/li><li class=\"\" data-start=\"1905\" data-end=\"1947\"><p class=\"\" data-start=\"1907\" data-end=\"1947\">Website, von der die Anforderung kommt<\/p><\/li><li class=\"\" data-start=\"1948\" data-end=\"1959\"><p class=\"\" data-start=\"1950\" data-end=\"1959\">Browser<\/p><\/li><li class=\"\" data-start=\"1960\" data-end=\"2000\"><p class=\"\" data-start=\"1962\" data-end=\"2000\">Betriebssystem und dessen Oberfl\u00e4che<\/p><\/li><li class=\"\" data-start=\"2001\" data-end=\"2044\"><p class=\"\" data-start=\"2003\" data-end=\"2044\">Sprache und Version der Browsersoftware<\/p><\/li><\/ul><p class=\"\" data-start=\"2046\" data-end=\"2301\">Wenn Sie uns per E-Mail oder \u00fcber ein Kontaktformular kontaktieren, speichern wir Ihre \u00fcbermittelten Daten (z.\u202fB. Name, E-Mail-Adresse, Telefonnummer), um Ihre Anfrage zu beantworten. Rechtsgrundlage ist Ihre Einwilligung gem\u00e4\u00df Art.\u202f6 Abs.\u202f1 lit.\u202fa DSGVO.<\/p><p class=\"\" data-start=\"2303\" data-end=\"2460\">Au\u00dferdem verarbeiten wir Daten zur Erf\u00fcllung rechtlicher Verpflichtungen gem\u00e4\u00df Art.\u202f6 Abs.\u202f1 S.\u202f1 lit.\u202fc DSGVO, z.\u202fB. steuer- und handelsrechtliche Vorgaben.<\/p><h4 data-start=\"2467\" data-end=\"2481\"><strong>4. Cookies<\/strong><\/h4><p class=\"\" data-start=\"2483\" data-end=\"2808\">Zus\u00e4tzlich zu den genannten Daten werden bei der Nutzung unserer Website Cookies auf Ihrem Ger\u00e4t gespeichert. Diese verbessern die Benutzerfreundlichkeit und Effektivit\u00e4t unseres Angebots. Unter <a class=\"\" href=\"https:\/\/www.cookiehub.com\/about-cookies\" target=\"_new\" rel=\"noopener\" data-start=\"2678\" data-end=\"2760\">https:\/\/www.cookiehub.com\/about-cookies<\/a> informieren wir \u00fcber alle eingesetzten Cookies.<\/p><ul data-start=\"2810\" data-end=\"3075\"><li class=\"\" data-start=\"2810\" data-end=\"2936\"><p class=\"\" data-start=\"2812\" data-end=\"2936\"><strong data-start=\"2812\" data-end=\"2837\">Erforderliche Cookies<\/strong>: Essenziell f\u00fcr die Funktionalit\u00e4t der Website. Rechtsgrundlage: Art.\u202f6 Abs.\u202f1 S.\u202f1 lit.\u202ff DSGVO<\/p><\/li><li class=\"\" data-start=\"2937\" data-end=\"3075\"><p class=\"\" data-start=\"2939\" data-end=\"3075\"><strong data-start=\"2939\" data-end=\"2958\">Analyse-Cookies<\/strong>: Helfen uns, das Nutzerverhalten anonym zu analysieren. Nur mit Ihrer Einwilligung (Art.\u202f6 Abs.\u202f1 S.\u202f1 lit.\u202fa DSGVO)<\/p><\/li><\/ul><p class=\"\" data-start=\"3077\" data-end=\"3136\">Details zu Drittanbieter-Cookies finden Sie in Abschnitt 6.<\/p><h4 data-start=\"3143\" data-end=\"3161\"><strong>5. Ihre Rechte<\/strong><\/h4><p class=\"\" data-start=\"3163\" data-end=\"3236\">Sie haben umfangreiche Rechte hinsichtlich Ihrer personenbezogenen Daten:<\/p><ul data-start=\"3238\" data-end=\"3527\"><li class=\"\" data-start=\"3238\" data-end=\"3266\"><p class=\"\" data-start=\"3240\" data-end=\"3266\">Auskunft (Art.\u202f15 DSGVO)<\/p><\/li><li class=\"\" data-start=\"3267\" data-end=\"3299\"><p class=\"\" data-start=\"3269\" data-end=\"3299\">Berichtigung (Art.\u202f16 DSGVO)<\/p><\/li><li class=\"\" data-start=\"3300\" data-end=\"3328\"><p class=\"\" data-start=\"3302\" data-end=\"3328\">L\u00f6schung (Art.\u202f17 DSGVO)<\/p><\/li><li class=\"\" data-start=\"3329\" data-end=\"3379\"><p class=\"\" data-start=\"3331\" data-end=\"3379\">Einschr\u00e4nkung der Verarbeitung (Art.\u202f18 DSGVO)<\/p><\/li><li class=\"\" data-start=\"3380\" data-end=\"3420\"><p class=\"\" data-start=\"3382\" data-end=\"3420\">Daten\u00fcbertragbarkeit (Art.\u202f20 DSGVO)<\/p><\/li><li class=\"\" data-start=\"3421\" data-end=\"3475\"><p class=\"\" data-start=\"3423\" data-end=\"3475\">Widerspruch gegen die Verarbeitung (Art.\u202f21 DSGVO)<\/p><\/li><li class=\"\" data-start=\"3476\" data-end=\"3527\"><p class=\"\" data-start=\"3478\" data-end=\"3527\">Widerruf von Einwilligungen (Art.\u202f7 Abs.\u202f3 DSGVO)<\/p><\/li><\/ul><p class=\"\" data-start=\"3529\" data-end=\"3746\">Bei Beschwerden k\u00f6nnen Sie sich an eine Aufsichtsbeh\u00f6rde wenden, z.\u202fB. das <strong data-start=\"3604\" data-end=\"3652\">Bayerische Landesamt f\u00fcr Datenschutzaufsicht<\/strong>: <a class=\"\" href=\"https:\/\/www.lda.bayern.de\/de\/beschwerde.html\" target=\"_new\" rel=\"noopener\" data-start=\"3654\" data-end=\"3746\">https:\/\/www.lda.bayern.de\/de\/beschwerde.html<\/a><\/p><h4 data-start=\"3753\" data-end=\"3802\"><strong>6. Analyse-Tools und Tools von Drittanbietern<\/strong><\/h4><p class=\"\" data-start=\"3804\" data-end=\"4081\">Ihr Surfverhalten kann auf dieser Website statistisch ausgewertet werden \u2013 vor allem mit Analyseprogrammen. Dabei k\u00f6nnen auch personenbezogene Daten an Drittanbieter \u00fcbermittelt werden. Eine Nutzung dieser Tools erfolgt nur nach Ihrer Einwilligung (Art.\u202f6 Abs.\u202f1 lit.\u202fa DSGVO).<\/p><p class=\"\" data-start=\"4083\" data-end=\"4415\">Einige Anbieter sitzen in unsicheren Drittl\u00e4ndern (z.\u202fB. USA). F\u00fcr die \u00dcbermittlung in die USA berufen wir uns auf den <strong data-start=\"4202\" data-end=\"4263\">Angemessenheitsbeschluss der EU-Kommission vom 10.07.2023<\/strong> (C(2023) 4745 final) und das <strong data-start=\"4293\" data-end=\"4325\">EU-US Data Privacy Framework<\/strong> (<a class=\"\" href=\"https:\/\/www.dataprivacyframework.gov\/list\" target=\"_new\" rel=\"noopener\" data-start=\"4327\" data-end=\"4413\">https:\/\/www.dataprivacyframework.gov\/list<\/a>).<\/p><p class=\"\" data-start=\"4417\" data-end=\"4519\">Beachten Sie: In Drittl\u00e4ndern kann kein mit der EU vergleichbares Datenschutzniveau garantiert werden.<\/p><h4 data-start=\"4526\" data-end=\"4553\"><strong>7. Weitergabe an Dritte<\/strong><\/h4><p class=\"\" data-start=\"4555\" data-end=\"4837\">Wir geben personenbezogene Daten an Drittanbieter weiter, sofern dies zur Durchf\u00fchrung bestimmter Gesch\u00e4ftsprozesse notwendig ist (z.\u202fB. E-Mail-Versand, IT-Dienstleistungen). Diese Dienstleister sind vertraglich verpflichtet, Ihre Daten nur gem\u00e4\u00df unseren Anweisungen zu verarbeiten.<\/p><p class=\"\" data-start=\"4839\" data-end=\"5030\">Auch kann es vorkommen, dass wir gesetzlich verpflichtet sind, Daten an Beh\u00f6rden oder Gerichte weiterzugeben. In diesem Fall handeln wir mit gr\u00f6\u00dftm\u00f6glicher Zur\u00fcckhaltung und Datenminimierung.<\/p><p class=\"\" data-start=\"5032\" data-end=\"5144\">Eine dar\u00fcber hinausgehende Weitergabe an Dritte erfolgt nicht, es sei denn, Sie haben ausdr\u00fccklich eingewilligt.<\/p><h4 data-start=\"5151\" data-end=\"5197\"><strong>8. Hosting durch Amazon Web Services (AWS)<\/strong><\/h4><p class=\"\" data-start=\"5199\" data-end=\"5504\">Unsere Website wird bei <strong data-start=\"5223\" data-end=\"5256\">Amazon Web Services EMEA SARL<\/strong> (AWS), 38 Avenue John F. Kennedy, 1855 Luxemburg gehostet. Personenbezogene Daten k\u00f6nnen an Server in die USA \u00fcbertragen werden. Die Daten\u00fcbermittlung erfolgt auf Grundlage der <strong data-start=\"5434\" data-end=\"5465\">EU-Standardvertragsklauseln<\/strong> und des EU-US Data Privacy Frameworks.<\/p><p class=\"\" data-start=\"5506\" data-end=\"5619\">Weitere Informationen: <a class=\"\" href=\"https:\/\/aws.amazon.com\/de\/privacy\/?nc1=f_pr\" target=\"_new\" rel=\"noopener\" data-start=\"5529\" data-end=\"5619\">https:\/\/aws.amazon.com\/de\/privacy\/?nc1=f_pr<\/a><\/p><h4 data-start=\"5626\" data-end=\"5646\"><strong>9. Speicherdauer<\/strong><\/h4><p class=\"\" data-start=\"5648\" data-end=\"5816\">Ihre personenbezogenen Daten speichern wir grunds\u00e4tzlich nur so lange, wie es der jeweilige Zweck erfordert, inkl. vertraglicher oder gesetzlicher Aufbewahrungsfristen:<\/p><ul data-start=\"5818\" data-end=\"5957\"><li class=\"\" data-start=\"5818\" data-end=\"5891\"><p class=\"\" data-start=\"5820\" data-end=\"5891\">Handels- und steuerrechtliche Aufbewahrungspflichten: bis zu 10 Jahre<\/p><\/li><li class=\"\" data-start=\"5892\" data-end=\"5957\"><p class=\"\" data-start=\"5894\" data-end=\"5957\">Verj\u00e4hrungsfristen nach BGB: bis zu 30 Jahre (i.\u202fd.\u202fR. 3 Jahre)<\/p><\/li><\/ul><p class=\"\" data-start=\"5959\" data-end=\"6107\">Nach Ablauf dieser Fristen werden Ihre Daten gel\u00f6scht oder gesperrt, es sei denn, es bestehen andere rechtliche Gr\u00fcnde f\u00fcr eine weitere Speicherung.<\/p>\t\t\t\t\t\t\t\t<\/div>\n\t\t\t\t<\/div>\n\t\t\t\t\t<\/div>\n\t\t\t\t<\/div>\n\t\t\t\t<\/div>\n\t\t","protected":false},"excerpt":{"rendered":"<p>Datenschutzerkl\u00e4rung Stand: Februar 2024 Der Betreiber dieser Website nimmt den Schutz Ihrer pers\u00f6nlichen Daten sehr ernst. Wir verarbeiten personenbezogene Daten unserer Nutzer nur, soweit dies zur Bereitstellung einer funktionsf\u00e4higen Website sowie unserer Inhalte und Leistungen erforderlich ist. Ihre personenbezogenen Daten behandeln wir vertraulich und entsprechend der gesetzlichen Datenschutzvorschriften sowie dieser Datenschutzerkl\u00e4rung. Durch die Nutzung dieser [&hellip;]<\/p>\n","protected":false},"author":1,"featured_media":0,"parent":0,"menu_order":0,"comment_status":"closed","ping_status":"closed","template":"","meta":{"_acf_changed":false,"footnotes":""},"class_list":["post-2111","page","type-page","status-publish","hentry"],"acf":[],"yoast_head":"<!-- This site is optimized with the Yoast SEO plugin v26.1.1 - https:\/\/yoast.com\/wordpress\/plugins\/seo\/ -->\n<title>Privacy Policy - Arthur Wasserstoffbus | Brennstoffzellenbus | emissionsfrei<\/title>\n<meta name=\"robots\" content=\"index, follow, max-snippet:-1, max-image-preview:large, max-video-preview:-1\" \/>\n<link rel=\"canonical\" href=\"https:\/\/arthurbus.com\/de\/privacy-policy\/\" \/>\n<meta property=\"og:locale\" content=\"de_DE\" \/>\n<meta property=\"og:type\" content=\"article\" \/>\n<meta property=\"og:title\" content=\"Privacy Policy - Arthur Wasserstoffbus | Brennstoffzellenbus | emissionsfrei\" \/>\n<meta property=\"og:description\" content=\"Datenschutzerkl\u00e4rung Stand: Februar 2024 Der Betreiber dieser Website nimmt den Schutz Ihrer pers\u00f6nlichen Daten sehr ernst. Wir verarbeiten personenbezogene Daten unserer Nutzer nur, soweit dies zur Bereitstellung einer funktionsf\u00e4higen Website sowie unserer Inhalte und Leistungen erforderlich ist. Ihre personenbezogenen Daten behandeln wir vertraulich und entsprechend der gesetzlichen Datenschutzvorschriften sowie dieser Datenschutzerkl\u00e4rung. Durch die Nutzung dieser [&hellip;]\" \/>\n<meta property=\"og:url\" content=\"https:\/\/arthurbus.com\/de\/privacy-policy\/\" \/>\n<meta property=\"og:site_name\" content=\"Arthur Wasserstoffbus | Brennstoffzellenbus | emissionsfrei\" \/>\n<meta property=\"article:modified_time\" content=\"2025-04-29T09:50:29+00:00\" \/>\n<meta name=\"twitter:card\" content=\"summary_large_image\" \/>\n<meta name=\"twitter:label1\" content=\"Est. reading time\" \/>\n\t<meta name=\"twitter:data1\" content=\"4\u00a0Minuten\" \/>\n<script type=\"application\/ld+json\" class=\"yoast-schema-graph\">{\"@context\":\"https:\/\/schema.org\",\"@graph\":[{\"@type\":\"WebPage\",\"@id\":\"https:\/\/arthurbus.com\/de\/privacy-policy\/\",\"url\":\"https:\/\/arthurbus.com\/de\/privacy-policy\/\",\"name\":\"Privacy Policy - Arthur Wasserstoffbus | Brennstoffzellenbus | emissionsfrei\",\"isPartOf\":{\"@id\":\"https:\/\/arthurbus.com\/de\/#website\"},\"datePublished\":\"2024-09-03T10:01:04+00:00\",\"dateModified\":\"2025-04-29T09:50:29+00:00\",\"breadcrumb\":{\"@id\":\"https:\/\/arthurbus.com\/de\/privacy-policy\/#breadcrumb\"},\"inLanguage\":\"de\",\"potentialAction\":[{\"@type\":\"ReadAction\",\"target\":[\"https:\/\/arthurbus.com\/de\/privacy-policy\/\"]}]},{\"@type\":\"BreadcrumbList\",\"@id\":\"https:\/\/arthurbus.com\/de\/privacy-policy\/#breadcrumb\",\"itemListElement\":[{\"@type\":\"ListItem\",\"position\":1,\"name\":\"Home\",\"item\":\"https:\/\/arthurbus.com\/de\/\"},{\"@type\":\"ListItem\",\"position\":2,\"name\":\"Privacy Policy\"}]},{\"@type\":\"WebSite\",\"@id\":\"https:\/\/arthurbus.com\/de\/#website\",\"url\":\"https:\/\/arthurbus.com\/de\/\",\"name\":\"Arthur Wasserstoffbus | Brennstoffzellenbus | emissionsfrei\",\"description\":\"\",\"publisher\":{\"@id\":\"https:\/\/arthurbus.com\/de\/#organization\"},\"potentialAction\":[{\"@type\":\"SearchAction\",\"target\":{\"@type\":\"EntryPoint\",\"urlTemplate\":\"https:\/\/arthurbus.com\/de\/?s={search_term_string}\"},\"query-input\":{\"@type\":\"PropertyValueSpecification\",\"valueRequired\":true,\"valueName\":\"search_term_string\"}}],\"inLanguage\":\"de\"},{\"@type\":\"Organization\",\"@id\":\"https:\/\/arthurbus.com\/de\/#organization\",\"name\":\"Arthur Wasserstoffbus | Brennstoffzellenbus | emissionsfrei\",\"url\":\"https:\/\/arthurbus.com\/de\/\",\"logo\":{\"@type\":\"ImageObject\",\"inLanguage\":\"de\",\"@id\":\"https:\/\/arthurbus.com\/de\/#\/schema\/logo\/image\/\",\"url\":\"https:\/\/arthurbus.com\/wp-content\/uploads\/2025\/04\/cropped-favicon.jpg\",\"contentUrl\":\"https:\/\/arthurbus.com\/wp-content\/uploads\/2025\/04\/cropped-favicon.jpg\",\"width\":512,\"height\":512,\"caption\":\"Arthur Wasserstoffbus | Brennstoffzellenbus | emissionsfrei\"},\"image\":{\"@id\":\"https:\/\/arthurbus.com\/de\/#\/schema\/logo\/image\/\"}}]}<\/script>\n<!-- \/ Yoast SEO plugin. -->","yoast_head_json":{"title":"Privacy Policy - Arthur Wasserstoffbus | Brennstoffzellenbus | emissionsfrei","robots":{"index":"index","follow":"follow","max-snippet":"max-snippet:-1","max-image-preview":"max-image-preview:large","max-video-preview":"max-video-preview:-1"},"canonical":"https:\/\/arthurbus.com\/de\/privacy-policy\/","og_locale":"de_DE","og_type":"article","og_title":"Privacy Policy - Arthur Wasserstoffbus | Brennstoffzellenbus | emissionsfrei","og_description":"Datenschutzerkl\u00e4rung Stand: Februar 2024 Der Betreiber dieser Website nimmt den Schutz Ihrer pers\u00f6nlichen Daten sehr ernst. Wir verarbeiten personenbezogene Daten unserer Nutzer nur, soweit dies zur Bereitstellung einer funktionsf\u00e4higen Website sowie unserer Inhalte und Leistungen erforderlich ist. Ihre personenbezogenen Daten behandeln wir vertraulich und entsprechend der gesetzlichen Datenschutzvorschriften sowie dieser Datenschutzerkl\u00e4rung. Durch die Nutzung dieser [&hellip;]","og_url":"https:\/\/arthurbus.com\/de\/privacy-policy\/","og_site_name":"Arthur Wasserstoffbus | Brennstoffzellenbus | emissionsfrei","article_modified_time":"2025-04-29T09:50:29+00:00","twitter_card":"summary_large_image","twitter_misc":{"Est. reading time":"4\u00a0Minuten"},"schema":{"@context":"https:\/\/schema.org","@graph":[{"@type":"WebPage","@id":"https:\/\/arthurbus.com\/de\/privacy-policy\/","url":"https:\/\/arthurbus.com\/de\/privacy-policy\/","name":"Privacy Policy - Arthur Wasserstoffbus | Brennstoffzellenbus | emissionsfrei","isPartOf":{"@id":"https:\/\/arthurbus.com\/de\/#website"},"datePublished":"2024-09-03T10:01:04+00:00","dateModified":"2025-04-29T09:50:29+00:00","breadcrumb":{"@id":"https:\/\/arthurbus.com\/de\/privacy-policy\/#breadcrumb"},"inLanguage":"de","potentialAction":[{"@type":"ReadAction","target":["https:\/\/arthurbus.com\/de\/privacy-policy\/"]}]},{"@type":"BreadcrumbList","@id":"https:\/\/arthurbus.com\/de\/privacy-policy\/#breadcrumb","itemListElement":[{"@type":"ListItem","position":1,"name":"Home","item":"https:\/\/arthurbus.com\/de\/"},{"@type":"ListItem","position":2,"name":"Privacy Policy"}]},{"@type":"WebSite","@id":"https:\/\/arthurbus.com\/de\/#website","url":"https:\/\/arthurbus.com\/de\/","name":"Arthur Wasserstoffbus | Brennstoffzellenbus | emissionsfrei","description":"","publisher":{"@id":"https:\/\/arthurbus.com\/de\/#organization"},"potentialAction":[{"@type":"SearchAction","target":{"@type":"EntryPoint","urlTemplate":"https:\/\/arthurbus.com\/de\/?s={search_term_string}"},"query-input":{"@type":"PropertyValueSpecification","valueRequired":true,"valueName":"search_term_string"}}],"inLanguage":"de"},{"@type":"Organization","@id":"https:\/\/arthurbus.com\/de\/#organization","name":"Arthur Wasserstoffbus | Brennstoffzellenbus | emissionsfrei","url":"https:\/\/arthurbus.com\/de\/","logo":{"@type":"ImageObject","inLanguage":"de","@id":"https:\/\/arthurbus.com\/de\/#\/schema\/logo\/image\/","url":"https:\/\/arthurbus.com\/wp-content\/uploads\/2025\/04\/cropped-favicon.jpg","contentUrl":"https:\/\/arthurbus.com\/wp-content\/uploads\/2025\/04\/cropped-favicon.jpg","width":512,"height":512,"caption":"Arthur Wasserstoffbus | Brennstoffzellenbus | emissionsfrei"},"image":{"@id":"https:\/\/arthurbus.com\/de\/#\/schema\/logo\/image\/"}}]}},"_links":{"self":[{"href":"https:\/\/arthurbus.com\/de\/wp-json\/wp\/v2\/pages\/2111","targetHints":{"allow":["GET"]}}],"collection":[{"href":"https:\/\/arthurbus.com\/de\/wp-json\/wp\/v2\/pages"}],"about":[{"href":"https:\/\/arthurbus.com\/de\/wp-json\/wp\/v2\/types\/page"}],"author":[{"embeddable":true,"href":"https:\/\/arthurbus.com\/de\/wp-json\/wp\/v2\/users\/1"}],"replies":[{"embeddable":true,"href":"https:\/\/arthurbus.com\/de\/wp-json\/wp\/v2\/comments?post=2111"}],"version-history":[{"count":3,"href":"https:\/\/arthurbus.com\/de\/wp-json\/wp\/v2\/pages\/2111\/revisions"}],"predecessor-version":[{"id":2335,"href":"https:\/\/arthurbus.com\/de\/wp-json\/wp\/v2\/pages\/2111\/revisions\/2335"}],"wp:attachment":[{"href":"https:\/\/arthurbus.com\/de\/wp-json\/wp\/v2\/media?parent=2111"}],"curies":[{"name":"wp","href":"https:\/\/api.w.org\/{rel}","templated":true}]}}