{"id":2101,"date":"2025-03-26T14:15:05","date_gmt":"2025-03-26T14:15:05","guid":{"rendered":"http:\/\/arthurbus.com\/login\/"},"modified":"2025-08-11T09:29:42","modified_gmt":"2025-08-11T09:29:42","slug":"login","status":"publish","type":"page","link":"https:\/\/arthurbus.com\/de\/login\/","title":{"rendered":"Login"},"content":{"rendered":"\t\t<div data-elementor-type=\"wp-page\" data-elementor-id=\"2101\" class=\"elementor elementor-2101 elementor-189\" data-elementor-post-type=\"page\">\n\t\t\t\t<div class=\"elementor-element elementor-element-e0cbc8f e-con-full e-flex e-con e-parent\" data-id=\"e0cbc8f\" data-element_type=\"container\" data-settings=\"{&quot;profecient_background_motion_effects_toggle&quot;:0,&quot;profecient_parallax_effects_toggle&quot;:0,&quot;profecient_mouse_effects_toggle&quot;:0}\">\n\t\t<div class=\"elementor-element elementor-element-3fc81bd e-con-full e-flex e-con e-child\" data-id=\"3fc81bd\" data-element_type=\"container\" data-settings=\"{&quot;profecient_background_motion_effects_toggle&quot;:0,&quot;profecient_parallax_effects_toggle&quot;:0,&quot;profecient_mouse_effects_toggle&quot;:0}\">\n\t\t\t\t<div class=\"elementor-element elementor-element-09f3586 elementor-widget elementor-widget-ART_top_section\" data-id=\"09f3586\" data-element_type=\"widget\" data-settings=\"{&quot;profecient_parallax_effects_toggle&quot;:0,&quot;profecient_mouse_effects_toggle&quot;:0}\" data-widget_type=\"ART_top_section.default\">\n\t\t\t\t<div class=\"elementor-widget-container\">\n\t\t\t\t\t\r\n        \r\n        <div class=\"art-top-section-main style_outline height_narrow white_color has_image\">\r\n\r\n            <div class=\"container\">\r\n                <div class=\"art-inner-container\">\r\n\r\n                    <div class=\"art-inner-content\">\r\n\r\n                                                        <div class=\"small-title\"><span>Customer LogIN<\/span><\/div>\r\n                            \r\n                                                            <h1 class=\"main-title\">Ihr ARTHUR \nBUS Customer Portal<\/h1>\r\n                            \r\n                                                            <div class=\"main_content\">Wichtige Dokumente & Ressourcen<\/div>\r\n                            \r\n\r\n                        \r\n                    <\/div>\r\n\r\n                <\/div>\r\n            <\/div>\r\n\r\n            <div class=\"art-top-section-media\">\r\n                        \r\n                <div class=\"art-top-media-item\">\r\n\r\n                                            <img decoding=\"async\" alt=\"Image\" src=\"https:\/\/arthurbus.com\/wp-content\/uploads\/2025\/04\/Image-2.jpg\"\/>\r\n                                        \r\n                <\/div>\r\n                \r\n                <div class=\"art-top-overlay-item\"><\/div>\r\n\r\n                <div class=\"art-top-lines-item\"><\/div>\r\n\r\n            <\/div>\r\n            \r\n        <\/div>\r\n\r\n    \t\t\t\t<\/div>\n\t\t\t\t<\/div>\n\t\t\t\t<\/div>\n\t\t\t\t<\/div>\n\t\t<div class=\"elementor-element elementor-element-9c7365c login-page-content e-flex e-con-boxed e-con e-parent\" data-id=\"9c7365c\" data-element_type=\"container\" data-settings=\"{&quot;profecient_background_motion_effects_toggle&quot;:0,&quot;profecient_parallax_effects_toggle&quot;:0,&quot;profecient_mouse_effects_toggle&quot;:0}\">\n\t\t\t\t\t<div class=\"e-con-inner\">\n\t\t\t\t<div class=\"elementor-element elementor-element-92a9845 elementor-widget elementor-widget-text-editor\" data-id=\"92a9845\" data-element_type=\"widget\" data-settings=\"{&quot;profecient_parallax_effects_toggle&quot;:0,&quot;profecient_mouse_effects_toggle&quot;:0}\" data-widget_type=\"text-editor.default\">\n\t\t\t\t<div class=\"elementor-widget-container\">\n\t\t\t\t\t\t\t\t\t        <div class=\"ccp-login-wrapper\">\n            <!-- Intro content from enclosed content -->\n                            <div class=\"ccp-intro-text\">\n                    <\/p><h2>Willkommen im ARTHUR BUS Kunden Portal<\/h2><p>Ihr exklusiver Zugang zu wichtigen Dokumenten und technischen Ressourcen.<br data-start=\"77\" data-end=\"80\" \/>Hier finden Sie Handb\u00fccher, Datenbl\u00e4tter, Anleitungen und andere wichtige Informationen zu unseren Wasserstoffbussen.<br data-start=\"197\" data-end=\"200\" \/>Unser Ziel ist es, Ihnen schnellen und einfachen Zugang zu den wichtigsten Materialien zu bieten, um einen effizienten Betrieb und eine reibungslose Wartung Ihrer Fahrzeuge sicherzustellen.<br data-start=\"389\" data-end=\"392\" \/>Melden Sie sich mit Ihren Zugangsdaten an, um auf alle verf\u00fcgbaren Inhalte zuzugreifen. Wenn Sie Fragen haben oder Unterst\u00fctzung ben\u00f6tigen, hilft Ihnen unser Team gerne weiter.                <\/div>\n            \n            <!-- Login Form -->\n            <form id=\"ccp-login-form\">\n                \n                <div id=\"ccp-message\" class=\"ccp-message\"><\/div>\n                <div class=\"ccp-form-row\">\n                    <label for=\"ccp-email\">Email<\/label>\n                    <div class=\"input-wrapper\">\n                        <input type=\"email\" id=\"ccp-email\" name=\"ccp-email\" placeholder=\"Enter your email\" required>\n                    <\/div>\n                <\/div>\n\n                <div class=\"ccp-form-row\">\n                    <label for=\"ccp-password\">PW<\/label>\n                    <div class=\"input-wrapper\">\n                        <input type=\"password\" id=\"ccp-password\" name=\"ccp-password\" placeholder=\"Enter your password\" required>\n                    <\/div>\n                <\/div>\n\n                <div class=\"ccp-form-row ccp-privacy-row\">\n                    <input type=\"checkbox\" id=\"ccp-privacy\" name=\"ccp-privacy\" required>\n                    <label for=\"ccp-privacy\">\n                        Consent to the  \n                        <a href=\"\/privacy-policy\" target=\"_blank\">\n                            Privacy policy                        <\/a>\n                    <\/label>\n                <\/div>\n\n                <div class=\"ccp-form-row ccp-forgot-row\">\n                    <a href=\"\/reset-password\" target=\"\">\n                        Forgot your password?                    <\/a>\n                <\/div>\n\n                <div class=\"ccp-form-row\">\n                \n                    <div class=\"art-button-container\">\n                        <button type=\"submit\" class=\"main-btn art-button ccp-login-button\">\n                            <span>Login<\/span>\n                        <\/button>\n                    <\/div>\n                <\/div>\n\n            <\/form>\n        <\/div>\n        \t\t\t\t\t\t\t\t<\/div>\n\t\t\t\t<\/div>\n\t\t\t\t\t<\/div>\n\t\t\t\t<\/div>\n\t\t\t\t<\/div>\n\t\t","protected":false},"excerpt":{"rendered":"<p>Let\u2019s Get in Touch Wir sind f\u00fcr Sie da! Egal, ob Sie Fragen zu unseren Fahrzeugen haben oder technische Unterst\u00fctzung ben\u00f6tigen, unser Team steht Ihnen bereit. Kontaktieren Sie uns direkt oder finden Sie alle wichtigen Ressourcen, die Sie f\u00fcr den Betrieb und die Wartung Ihres ARTHUR Busses ben\u00f6tigen.<\/p>\n","protected":false},"author":1,"featured_media":0,"parent":0,"menu_order":0,"comment_status":"closed","ping_status":"closed","template":"","meta":{"_acf_changed":false,"footnotes":""},"class_list":["post-2101","page","type-page","status-publish","hentry"],"acf":[],"yoast_head":"<!-- This site is optimized with the Yoast SEO plugin v26.1.1 - https:\/\/yoast.com\/wordpress\/plugins\/seo\/ -->\n<title>Login - Arthur Wasserstoffbus | Brennstoffzellenbus | emissionsfrei<\/title>\n<meta name=\"robots\" content=\"index, follow, max-snippet:-1, max-image-preview:large, max-video-preview:-1\" \/>\n<link rel=\"canonical\" href=\"https:\/\/arthurbus.com\/de\/login\/\" \/>\n<meta property=\"og:locale\" content=\"de_DE\" \/>\n<meta property=\"og:type\" content=\"article\" \/>\n<meta property=\"og:title\" content=\"Login - Arthur Wasserstoffbus | Brennstoffzellenbus | emissionsfrei\" \/>\n<meta property=\"og:description\" content=\"Let\u2019s Get in Touch Wir sind f\u00fcr Sie da! Egal, ob Sie Fragen zu unseren Fahrzeugen haben oder technische Unterst\u00fctzung ben\u00f6tigen, unser Team steht Ihnen bereit. Kontaktieren Sie uns direkt oder finden Sie alle wichtigen Ressourcen, die Sie f\u00fcr den Betrieb und die Wartung Ihres ARTHUR Busses ben\u00f6tigen.\" \/>\n<meta property=\"og:url\" content=\"https:\/\/arthurbus.com\/de\/login\/\" \/>\n<meta property=\"og:site_name\" content=\"Arthur Wasserstoffbus | Brennstoffzellenbus | emissionsfrei\" \/>\n<meta property=\"article:modified_time\" content=\"2025-08-11T09:29:42+00:00\" \/>\n<meta property=\"og:image\" content=\"https:\/\/arthurbus.com\/wp-content\/uploads\/2025\/04\/Image-2.jpg\" \/>\n<meta name=\"twitter:card\" content=\"summary_large_image\" \/>\n<meta name=\"twitter:label1\" content=\"Est. reading time\" \/>\n\t<meta name=\"twitter:data1\" content=\"1\u00a0Minute\" \/>\n<script type=\"application\/ld+json\" class=\"yoast-schema-graph\">{\"@context\":\"https:\/\/schema.org\",\"@graph\":[{\"@type\":\"WebPage\",\"@id\":\"https:\/\/arthurbus.com\/de\/login\/\",\"url\":\"https:\/\/arthurbus.com\/de\/login\/\",\"name\":\"Login - Arthur Wasserstoffbus | Brennstoffzellenbus | emissionsfrei\",\"isPartOf\":{\"@id\":\"https:\/\/arthurbus.com\/de\/#website\"},\"primaryImageOfPage\":{\"@id\":\"https:\/\/arthurbus.com\/de\/login\/#primaryimage\"},\"image\":{\"@id\":\"https:\/\/arthurbus.com\/de\/login\/#primaryimage\"},\"thumbnailUrl\":\"https:\/\/arthurbus.com\/wp-content\/uploads\/2025\/04\/Image-2.jpg\",\"datePublished\":\"2025-03-26T14:15:05+00:00\",\"dateModified\":\"2025-08-11T09:29:42+00:00\",\"breadcrumb\":{\"@id\":\"https:\/\/arthurbus.com\/de\/login\/#breadcrumb\"},\"inLanguage\":\"de\",\"potentialAction\":[{\"@type\":\"ReadAction\",\"target\":[\"https:\/\/arthurbus.com\/de\/login\/\"]}]},{\"@type\":\"ImageObject\",\"inLanguage\":\"de\",\"@id\":\"https:\/\/arthurbus.com\/de\/login\/#primaryimage\",\"url\":\"https:\/\/arthurbus.com\/wp-content\/uploads\/2025\/04\/Image-2.jpg\",\"contentUrl\":\"https:\/\/arthurbus.com\/wp-content\/uploads\/2025\/04\/Image-2.jpg\"},{\"@type\":\"BreadcrumbList\",\"@id\":\"https:\/\/arthurbus.com\/de\/login\/#breadcrumb\",\"itemListElement\":[{\"@type\":\"ListItem\",\"position\":1,\"name\":\"Home\",\"item\":\"https:\/\/arthurbus.com\/de\/\"},{\"@type\":\"ListItem\",\"position\":2,\"name\":\"Login\"}]},{\"@type\":\"WebSite\",\"@id\":\"https:\/\/arthurbus.com\/de\/#website\",\"url\":\"https:\/\/arthurbus.com\/de\/\",\"name\":\"Arthur Wasserstoffbus | Brennstoffzellenbus | emissionsfrei\",\"description\":\"\",\"publisher\":{\"@id\":\"https:\/\/arthurbus.com\/de\/#organization\"},\"potentialAction\":[{\"@type\":\"SearchAction\",\"target\":{\"@type\":\"EntryPoint\",\"urlTemplate\":\"https:\/\/arthurbus.com\/de\/?s={search_term_string}\"},\"query-input\":{\"@type\":\"PropertyValueSpecification\",\"valueRequired\":true,\"valueName\":\"search_term_string\"}}],\"inLanguage\":\"de\"},{\"@type\":\"Organization\",\"@id\":\"https:\/\/arthurbus.com\/de\/#organization\",\"name\":\"Arthur Wasserstoffbus | Brennstoffzellenbus | emissionsfrei\",\"url\":\"https:\/\/arthurbus.com\/de\/\",\"logo\":{\"@type\":\"ImageObject\",\"inLanguage\":\"de\",\"@id\":\"https:\/\/arthurbus.com\/de\/#\/schema\/logo\/image\/\",\"url\":\"https:\/\/arthurbus.com\/wp-content\/uploads\/2025\/04\/cropped-favicon.jpg\",\"contentUrl\":\"https:\/\/arthurbus.com\/wp-content\/uploads\/2025\/04\/cropped-favicon.jpg\",\"width\":512,\"height\":512,\"caption\":\"Arthur Wasserstoffbus | Brennstoffzellenbus | emissionsfrei\"},\"image\":{\"@id\":\"https:\/\/arthurbus.com\/de\/#\/schema\/logo\/image\/\"}}]}<\/script>\n<!-- \/ Yoast SEO plugin. -->","yoast_head_json":{"title":"Login - Arthur Wasserstoffbus | Brennstoffzellenbus | emissionsfrei","robots":{"index":"index","follow":"follow","max-snippet":"max-snippet:-1","max-image-preview":"max-image-preview:large","max-video-preview":"max-video-preview:-1"},"canonical":"https:\/\/arthurbus.com\/de\/login\/","og_locale":"de_DE","og_type":"article","og_title":"Login - Arthur Wasserstoffbus | Brennstoffzellenbus | emissionsfrei","og_description":"Let\u2019s Get in Touch Wir sind f\u00fcr Sie da! Egal, ob Sie Fragen zu unseren Fahrzeugen haben oder technische Unterst\u00fctzung ben\u00f6tigen, unser Team steht Ihnen bereit. Kontaktieren Sie uns direkt oder finden Sie alle wichtigen Ressourcen, die Sie f\u00fcr den Betrieb und die Wartung Ihres ARTHUR Busses ben\u00f6tigen.","og_url":"https:\/\/arthurbus.com\/de\/login\/","og_site_name":"Arthur Wasserstoffbus | Brennstoffzellenbus | emissionsfrei","article_modified_time":"2025-08-11T09:29:42+00:00","og_image":[{"url":"https:\/\/arthurbus.com\/wp-content\/uploads\/2025\/04\/Image-2.jpg","type":"","width":"","height":""}],"twitter_card":"summary_large_image","twitter_misc":{"Est. reading time":"1\u00a0Minute"},"schema":{"@context":"https:\/\/schema.org","@graph":[{"@type":"WebPage","@id":"https:\/\/arthurbus.com\/de\/login\/","url":"https:\/\/arthurbus.com\/de\/login\/","name":"Login - Arthur Wasserstoffbus | Brennstoffzellenbus | emissionsfrei","isPartOf":{"@id":"https:\/\/arthurbus.com\/de\/#website"},"primaryImageOfPage":{"@id":"https:\/\/arthurbus.com\/de\/login\/#primaryimage"},"image":{"@id":"https:\/\/arthurbus.com\/de\/login\/#primaryimage"},"thumbnailUrl":"https:\/\/arthurbus.com\/wp-content\/uploads\/2025\/04\/Image-2.jpg","datePublished":"2025-03-26T14:15:05+00:00","dateModified":"2025-08-11T09:29:42+00:00","breadcrumb":{"@id":"https:\/\/arthurbus.com\/de\/login\/#breadcrumb"},"inLanguage":"de","potentialAction":[{"@type":"ReadAction","target":["https:\/\/arthurbus.com\/de\/login\/"]}]},{"@type":"ImageObject","inLanguage":"de","@id":"https:\/\/arthurbus.com\/de\/login\/#primaryimage","url":"https:\/\/arthurbus.com\/wp-content\/uploads\/2025\/04\/Image-2.jpg","contentUrl":"https:\/\/arthurbus.com\/wp-content\/uploads\/2025\/04\/Image-2.jpg"},{"@type":"BreadcrumbList","@id":"https:\/\/arthurbus.com\/de\/login\/#breadcrumb","itemListElement":[{"@type":"ListItem","position":1,"name":"Home","item":"https:\/\/arthurbus.com\/de\/"},{"@type":"ListItem","position":2,"name":"Login"}]},{"@type":"WebSite","@id":"https:\/\/arthurbus.com\/de\/#website","url":"https:\/\/arthurbus.com\/de\/","name":"Arthur Wasserstoffbus | Brennstoffzellenbus | emissionsfrei","description":"","publisher":{"@id":"https:\/\/arthurbus.com\/de\/#organization"},"potentialAction":[{"@type":"SearchAction","target":{"@type":"EntryPoint","urlTemplate":"https:\/\/arthurbus.com\/de\/?s={search_term_string}"},"query-input":{"@type":"PropertyValueSpecification","valueRequired":true,"valueName":"search_term_string"}}],"inLanguage":"de"},{"@type":"Organization","@id":"https:\/\/arthurbus.com\/de\/#organization","name":"Arthur Wasserstoffbus | Brennstoffzellenbus | emissionsfrei","url":"https:\/\/arthurbus.com\/de\/","logo":{"@type":"ImageObject","inLanguage":"de","@id":"https:\/\/arthurbus.com\/de\/#\/schema\/logo\/image\/","url":"https:\/\/arthurbus.com\/wp-content\/uploads\/2025\/04\/cropped-favicon.jpg","contentUrl":"https:\/\/arthurbus.com\/wp-content\/uploads\/2025\/04\/cropped-favicon.jpg","width":512,"height":512,"caption":"Arthur Wasserstoffbus | Brennstoffzellenbus | emissionsfrei"},"image":{"@id":"https:\/\/arthurbus.com\/de\/#\/schema\/logo\/image\/"}}]}},"_links":{"self":[{"href":"https:\/\/arthurbus.com\/de\/wp-json\/wp\/v2\/pages\/2101","targetHints":{"allow":["GET"]}}],"collection":[{"href":"https:\/\/arthurbus.com\/de\/wp-json\/wp\/v2\/pages"}],"about":[{"href":"https:\/\/arthurbus.com\/de\/wp-json\/wp\/v2\/types\/page"}],"author":[{"embeddable":true,"href":"https:\/\/arthurbus.com\/de\/wp-json\/wp\/v2\/users\/1"}],"replies":[{"embeddable":true,"href":"https:\/\/arthurbus.com\/de\/wp-json\/wp\/v2\/comments?post=2101"}],"version-history":[{"count":6,"href":"https:\/\/arthurbus.com\/de\/wp-json\/wp\/v2\/pages\/2101\/revisions"}],"predecessor-version":[{"id":3063,"href":"https:\/\/arthurbus.com\/de\/wp-json\/wp\/v2\/pages\/2101\/revisions\/3063"}],"wp:attachment":[{"href":"https:\/\/arthurbus.com\/de\/wp-json\/wp\/v2\/media?parent=2101"}],"curies":[{"name":"wp","href":"https:\/\/api.w.org\/{rel}","templated":true}]}}