{"id":2098,"date":"2025-04-15T08:15:08","date_gmt":"2025-04-15T08:15:08","guid":{"rendered":"http:\/\/arthurbus.com\/imprint\/"},"modified":"2025-11-10T10:42:37","modified_gmt":"2025-11-10T10:42:37","slug":"imprint","status":"publish","type":"page","link":"https:\/\/arthurbus.com\/de\/imprint\/","title":{"rendered":"Imprint"},"content":{"rendered":"\t\t<div data-elementor-type=\"wp-page\" data-elementor-id=\"2098\" class=\"elementor elementor-2098 elementor-1563\" data-elementor-post-type=\"page\">\n\t\t\t\t<div class=\"elementor-element elementor-element-ea0044e e-flex e-con-boxed e-con e-parent\" data-id=\"ea0044e\" data-element_type=\"container\" data-settings=\"{&quot;profecient_background_motion_effects_toggle&quot;:0,&quot;profecient_parallax_effects_toggle&quot;:0,&quot;profecient_mouse_effects_toggle&quot;:0}\">\n\t\t\t\t\t<div class=\"e-con-inner\">\n\t\t\t\t<div class=\"elementor-element elementor-element-6711a73b elementor-widget elementor-widget-text-editor\" data-id=\"6711a73b\" data-element_type=\"widget\" data-settings=\"{&quot;profecient_parallax_effects_toggle&quot;:0,&quot;profecient_mouse_effects_toggle&quot;:0}\" data-widget_type=\"text-editor.default\">\n\t\t\t\t<div class=\"elementor-widget-container\">\n\t\t\t\t\t\t\t\t\t<h1>Impressum<\/h1>\n<p><strong>Hauptsitz<br>\u200d<br>ARTHUR BUS GmbH<br><\/strong>Moosacher Str. 82a<br>80809 Munich<br>Germany<br>\u200d<br><strong>Sitz der Gesellschaft:<\/strong> M\u00fcnchen, Deutschland<br>Registergericht: Amtsgericht M\u00fcnchen, HRB 263887<\/p>\n<p><strong>Management<\/strong><br>Gesch\u00e4ftsf\u00fchrer: Gerhard Mey<\/p>\n<p><strong>Umsatzsteuer-Identifikationsnummer: <\/strong>DE341379931<\/p>\n<p><strong>PRODUKTION<br>\u200d<br>ARTHUR BUS Sp. z o.o.<\/strong><br>Grodzka 9<br>50-137 Wroclaw <br>Polen<br>\u200d<br><strong data-start=\"26\" data-end=\"52\">Sitz der Gesellschaft:<\/strong> Wroc\u0142aw, Wroc\u0142aw-Fabryczna, Polen<br data-start=\"86\" data-end=\"89\"><strong data-start=\"89\" data-end=\"109\">Registergericht:<\/strong> Amtsgericht Wroc\u0142aw, KRS: 0000889469<\/p>\n<p><strong>Management<br><\/strong>Chief Technical Officer: Rafal Slomka<br><strong>\u200d<br>Umsatzsteuer-Identifikationsnummer (NIP):<br><\/strong>PL8971889842<\/p>\t\t\t\t\t\t\t\t<\/div>\n\t\t\t\t<\/div>\n\t\t\t\t\t<\/div>\n\t\t\t\t<\/div>\n\t\t\t\t<\/div>\n\t\t","protected":false},"excerpt":{"rendered":"<p>Impressum Hauptsitz\u200dARTHUR BUS GmbHMoosacher Str. 82a80809 MunichGermany\u200dSitz der Gesellschaft: M\u00fcnchen, DeutschlandRegistergericht: Amtsgericht M\u00fcnchen, HRB 263887 ManagementGesch\u00e4ftsf\u00fchrer: Gerhard Mey Umsatzsteuer-Identifikationsnummer: DE341379931 PRODUKTION\u200dARTHUR BUS Sp. z o.o.Grodzka 950-137 Wroclaw Polen\u200dSitz der Gesellschaft: Wroc\u0142aw, Wroc\u0142aw-Fabryczna, PolenRegistergericht: Amtsgericht Wroc\u0142aw, KRS: 0000889469 ManagementChief Technical Officer: Rafal Slomka\u200dUmsatzsteuer-Identifikationsnummer (NIP):PL8971889842<\/p>\n","protected":false},"author":1,"featured_media":0,"parent":0,"menu_order":0,"comment_status":"closed","ping_status":"closed","template":"","meta":{"_acf_changed":false,"footnotes":""},"class_list":["post-2098","page","type-page","status-publish","hentry"],"acf":[],"yoast_head":"<!-- This site is optimized with the Yoast SEO plugin v26.1.1 - https:\/\/yoast.com\/wordpress\/plugins\/seo\/ -->\n<title>Imprint - Arthur Wasserstoffbus | Brennstoffzellenbus | emissionsfrei<\/title>\n<meta name=\"robots\" content=\"index, follow, max-snippet:-1, max-image-preview:large, max-video-preview:-1\" \/>\n<link rel=\"canonical\" href=\"https:\/\/arthurbus.com\/de\/imprint\/\" \/>\n<meta property=\"og:locale\" content=\"de_DE\" \/>\n<meta property=\"og:type\" content=\"article\" \/>\n<meta property=\"og:title\" content=\"Imprint - Arthur Wasserstoffbus | Brennstoffzellenbus | emissionsfrei\" \/>\n<meta property=\"og:description\" content=\"Impressum Hauptsitz\u200dARTHUR BUS GmbHMoosacher Str. 82a80809 MunichGermany\u200dSitz der Gesellschaft: M\u00fcnchen, DeutschlandRegistergericht: Amtsgericht M\u00fcnchen, HRB 263887 ManagementGesch\u00e4ftsf\u00fchrer: Gerhard Mey Umsatzsteuer-Identifikationsnummer: DE341379931 PRODUKTION\u200dARTHUR BUS Sp. z o.o.Grodzka 950-137 Wroclaw Polen\u200dSitz der Gesellschaft: Wroc\u0142aw, Wroc\u0142aw-Fabryczna, PolenRegistergericht: Amtsgericht Wroc\u0142aw, KRS: 0000889469 ManagementChief Technical Officer: Rafal Slomka\u200dUmsatzsteuer-Identifikationsnummer (NIP):PL8971889842\" \/>\n<meta property=\"og:url\" content=\"https:\/\/arthurbus.com\/de\/imprint\/\" \/>\n<meta property=\"og:site_name\" content=\"Arthur Wasserstoffbus | Brennstoffzellenbus | emissionsfrei\" \/>\n<meta property=\"article:modified_time\" content=\"2025-11-10T10:42:37+00:00\" \/>\n<meta name=\"twitter:card\" content=\"summary_large_image\" \/>\n<meta name=\"twitter:label1\" content=\"Est. reading time\" \/>\n\t<meta name=\"twitter:data1\" content=\"1\u00a0Minute\" \/>\n<script type=\"application\/ld+json\" class=\"yoast-schema-graph\">{\"@context\":\"https:\/\/schema.org\",\"@graph\":[{\"@type\":\"WebPage\",\"@id\":\"https:\/\/arthurbus.com\/de\/imprint\/\",\"url\":\"https:\/\/arthurbus.com\/de\/imprint\/\",\"name\":\"Imprint - Arthur Wasserstoffbus | Brennstoffzellenbus | emissionsfrei\",\"isPartOf\":{\"@id\":\"https:\/\/arthurbus.com\/de\/#website\"},\"datePublished\":\"2025-04-15T08:15:08+00:00\",\"dateModified\":\"2025-11-10T10:42:37+00:00\",\"breadcrumb\":{\"@id\":\"https:\/\/arthurbus.com\/de\/imprint\/#breadcrumb\"},\"inLanguage\":\"de\",\"potentialAction\":[{\"@type\":\"ReadAction\",\"target\":[\"https:\/\/arthurbus.com\/de\/imprint\/\"]}]},{\"@type\":\"BreadcrumbList\",\"@id\":\"https:\/\/arthurbus.com\/de\/imprint\/#breadcrumb\",\"itemListElement\":[{\"@type\":\"ListItem\",\"position\":1,\"name\":\"Home\",\"item\":\"https:\/\/arthurbus.com\/de\/\"},{\"@type\":\"ListItem\",\"position\":2,\"name\":\"Imprint\"}]},{\"@type\":\"WebSite\",\"@id\":\"https:\/\/arthurbus.com\/de\/#website\",\"url\":\"https:\/\/arthurbus.com\/de\/\",\"name\":\"Arthur Wasserstoffbus | Brennstoffzellenbus | emissionsfrei\",\"description\":\"\",\"publisher\":{\"@id\":\"https:\/\/arthurbus.com\/de\/#organization\"},\"potentialAction\":[{\"@type\":\"SearchAction\",\"target\":{\"@type\":\"EntryPoint\",\"urlTemplate\":\"https:\/\/arthurbus.com\/de\/?s={search_term_string}\"},\"query-input\":{\"@type\":\"PropertyValueSpecification\",\"valueRequired\":true,\"valueName\":\"search_term_string\"}}],\"inLanguage\":\"de\"},{\"@type\":\"Organization\",\"@id\":\"https:\/\/arthurbus.com\/de\/#organization\",\"name\":\"Arthur Wasserstoffbus | Brennstoffzellenbus | emissionsfrei\",\"url\":\"https:\/\/arthurbus.com\/de\/\",\"logo\":{\"@type\":\"ImageObject\",\"inLanguage\":\"de\",\"@id\":\"https:\/\/arthurbus.com\/de\/#\/schema\/logo\/image\/\",\"url\":\"https:\/\/arthurbus.com\/wp-content\/uploads\/2025\/04\/cropped-favicon.jpg\",\"contentUrl\":\"https:\/\/arthurbus.com\/wp-content\/uploads\/2025\/04\/cropped-favicon.jpg\",\"width\":512,\"height\":512,\"caption\":\"Arthur Wasserstoffbus | Brennstoffzellenbus | emissionsfrei\"},\"image\":{\"@id\":\"https:\/\/arthurbus.com\/de\/#\/schema\/logo\/image\/\"}}]}<\/script>\n<!-- \/ Yoast SEO plugin. -->","yoast_head_json":{"title":"Imprint - Arthur Wasserstoffbus | Brennstoffzellenbus | emissionsfrei","robots":{"index":"index","follow":"follow","max-snippet":"max-snippet:-1","max-image-preview":"max-image-preview:large","max-video-preview":"max-video-preview:-1"},"canonical":"https:\/\/arthurbus.com\/de\/imprint\/","og_locale":"de_DE","og_type":"article","og_title":"Imprint - Arthur Wasserstoffbus | Brennstoffzellenbus | emissionsfrei","og_description":"Impressum Hauptsitz\u200dARTHUR BUS GmbHMoosacher Str. 82a80809 MunichGermany\u200dSitz der Gesellschaft: M\u00fcnchen, DeutschlandRegistergericht: Amtsgericht M\u00fcnchen, HRB 263887 ManagementGesch\u00e4ftsf\u00fchrer: Gerhard Mey Umsatzsteuer-Identifikationsnummer: DE341379931 PRODUKTION\u200dARTHUR BUS Sp. z o.o.Grodzka 950-137 Wroclaw Polen\u200dSitz der Gesellschaft: Wroc\u0142aw, Wroc\u0142aw-Fabryczna, PolenRegistergericht: Amtsgericht Wroc\u0142aw, KRS: 0000889469 ManagementChief Technical Officer: Rafal Slomka\u200dUmsatzsteuer-Identifikationsnummer (NIP):PL8971889842","og_url":"https:\/\/arthurbus.com\/de\/imprint\/","og_site_name":"Arthur Wasserstoffbus | Brennstoffzellenbus | emissionsfrei","article_modified_time":"2025-11-10T10:42:37+00:00","twitter_card":"summary_large_image","twitter_misc":{"Est. reading time":"1\u00a0Minute"},"schema":{"@context":"https:\/\/schema.org","@graph":[{"@type":"WebPage","@id":"https:\/\/arthurbus.com\/de\/imprint\/","url":"https:\/\/arthurbus.com\/de\/imprint\/","name":"Imprint - Arthur Wasserstoffbus | Brennstoffzellenbus | emissionsfrei","isPartOf":{"@id":"https:\/\/arthurbus.com\/de\/#website"},"datePublished":"2025-04-15T08:15:08+00:00","dateModified":"2025-11-10T10:42:37+00:00","breadcrumb":{"@id":"https:\/\/arthurbus.com\/de\/imprint\/#breadcrumb"},"inLanguage":"de","potentialAction":[{"@type":"ReadAction","target":["https:\/\/arthurbus.com\/de\/imprint\/"]}]},{"@type":"BreadcrumbList","@id":"https:\/\/arthurbus.com\/de\/imprint\/#breadcrumb","itemListElement":[{"@type":"ListItem","position":1,"name":"Home","item":"https:\/\/arthurbus.com\/de\/"},{"@type":"ListItem","position":2,"name":"Imprint"}]},{"@type":"WebSite","@id":"https:\/\/arthurbus.com\/de\/#website","url":"https:\/\/arthurbus.com\/de\/","name":"Arthur Wasserstoffbus | Brennstoffzellenbus | emissionsfrei","description":"","publisher":{"@id":"https:\/\/arthurbus.com\/de\/#organization"},"potentialAction":[{"@type":"SearchAction","target":{"@type":"EntryPoint","urlTemplate":"https:\/\/arthurbus.com\/de\/?s={search_term_string}"},"query-input":{"@type":"PropertyValueSpecification","valueRequired":true,"valueName":"search_term_string"}}],"inLanguage":"de"},{"@type":"Organization","@id":"https:\/\/arthurbus.com\/de\/#organization","name":"Arthur Wasserstoffbus | Brennstoffzellenbus | emissionsfrei","url":"https:\/\/arthurbus.com\/de\/","logo":{"@type":"ImageObject","inLanguage":"de","@id":"https:\/\/arthurbus.com\/de\/#\/schema\/logo\/image\/","url":"https:\/\/arthurbus.com\/wp-content\/uploads\/2025\/04\/cropped-favicon.jpg","contentUrl":"https:\/\/arthurbus.com\/wp-content\/uploads\/2025\/04\/cropped-favicon.jpg","width":512,"height":512,"caption":"Arthur Wasserstoffbus | Brennstoffzellenbus | emissionsfrei"},"image":{"@id":"https:\/\/arthurbus.com\/de\/#\/schema\/logo\/image\/"}}]}},"_links":{"self":[{"href":"https:\/\/arthurbus.com\/de\/wp-json\/wp\/v2\/pages\/2098","targetHints":{"allow":["GET"]}}],"collection":[{"href":"https:\/\/arthurbus.com\/de\/wp-json\/wp\/v2\/pages"}],"about":[{"href":"https:\/\/arthurbus.com\/de\/wp-json\/wp\/v2\/types\/page"}],"author":[{"embeddable":true,"href":"https:\/\/arthurbus.com\/de\/wp-json\/wp\/v2\/users\/1"}],"replies":[{"embeddable":true,"href":"https:\/\/arthurbus.com\/de\/wp-json\/wp\/v2\/comments?post=2098"}],"version-history":[{"count":9,"href":"https:\/\/arthurbus.com\/de\/wp-json\/wp\/v2\/pages\/2098\/revisions"}],"predecessor-version":[{"id":3245,"href":"https:\/\/arthurbus.com\/de\/wp-json\/wp\/v2\/pages\/2098\/revisions\/3245"}],"wp:attachment":[{"href":"https:\/\/arthurbus.com\/de\/wp-json\/wp\/v2\/media?parent=2098"}],"curies":[{"name":"wp","href":"https:\/\/api.w.org\/{rel}","templated":true}]}}